{"id":1331,"date":"2024-11-08T10:20:25","date_gmt":"2024-11-08T09:20:25","guid":{"rendered":"https:\/\/www.wquadrat-gmbh.at\/imprint\/"},"modified":"2025-04-16T09:03:18","modified_gmt":"2025-04-16T07:03:18","slug":"imprint","status":"publish","type":"page","link":"https:\/\/www.wquadrat-gmbh.at\/hu\/imprint\/","title":{"rendered":"IMPRINT"},"content":{"rendered":"\t\t<div data-elementor-type=\"wp-page\" data-elementor-id=\"1331\" class=\"elementor elementor-1331 elementor-135\" data-elementor-post-type=\"page\">\n\t\t\t\t<div class=\"elementor-element elementor-element-53a5b5dd e-flex e-con-boxed e-con e-parent\" data-id=\"53a5b5dd\" data-element_type=\"container\" data-settings=\"{&quot;background_background&quot;:&quot;classic&quot;}\">\n\t\t\t\t\t<div class=\"e-con-inner\">\n\t\t\t\t<div class=\"elementor-element elementor-element-759995a7 elementor-widget elementor-widget-tp-heading-animation\" data-id=\"759995a7\" data-element_type=\"widget\" data-widget_type=\"tp-heading-animation.default\">\n\t\t\t\t<div class=\"elementor-widget-container\">\n\t\t\t\t\t<style>.heading-animation69d6ce0977f02 .pt-plus-cd-headline.loading-bar .cd-words-wrapper::after{}<\/style><div class=\"pt-plus-heading-animation heading-animation head-anim-style-1  heading-animation69d6ce0977f02\"  ><h1 class=\"pt-plus-cd-headline letters type\" ><span >IMPRESSUM <\/span><\/h1><\/div>\t\t\t\t<\/div>\n\t\t\t\t<\/div>\n\t\t\t\t\t<\/div>\n\t\t\t\t<\/div>\n\t\t<div class=\"elementor-element elementor-element-18be8aee e-flex e-con-boxed e-con e-parent\" data-id=\"18be8aee\" data-element_type=\"container\">\n\t\t\t\t\t<div class=\"e-con-inner\">\n\t\t<div class=\"elementor-element elementor-element-3ce1b226 e-flex e-con-boxed e-con e-child\" data-id=\"3ce1b226\" data-element_type=\"container\">\n\t\t\t\t\t<div class=\"e-con-inner\">\n\t\t<div class=\"elementor-element elementor-element-6a19f39c e-flex e-con-boxed e-con e-child\" data-id=\"6a19f39c\" data-element_type=\"container\">\n\t\t\t\t\t<div class=\"e-con-inner\">\n\t\t\t\t<div class=\"elementor-element elementor-element-f46703f elementor-widget elementor-widget-text-editor\" data-id=\"f46703f\" data-element_type=\"widget\" data-widget_type=\"text-editor.default\">\n\t\t\t\t<div class=\"elementor-widget-container\">\n\t\t\t\t\t\t\t\t\t<main id=\"main\" class=\"clearfix \"><div class=\"fusion-row\"><section id=\"content\"><div id=\"post-11\" class=\"post-11 page type-page status-publish hentry\"><div class=\"post-content\"><div class=\"fusion-fullwidth fullwidth-box fusion-builder-row-1 nonhundred-percent-fullwidth non-hundred-percent-height-scrolling\"><div class=\"fusion-builder-row fusion-row\"><div class=\"fusion-layout-column fusion_builder_column fusion-builder-column-0 fusion_builder_column_1_1 1_1 fusion-one-full fusion-column-first fusion-column-last\"><div class=\"fusion-column-wrapper fusion-flex-column-wrapper-legacy\"><div class=\"fusion-text fusion-text-1\"><p><strong>W Quadrat GmbH<br><\/strong>Oberau 16<br>4692 Niederthalheim<\/p><p>E-mail: <a href=\"mailto:office@wquadrat-gmbh.at\">office@wquadrat-gmbh.at<\/a><br>Internet: www.wquadrat-gmbh.at<\/p><p>Mobil: +43 664 395 82 03<\/p><p>\u00dcgyvezet\u0151: Andreas Watzinger <br>Jogi forma: GmbH<br>C\u00e9gjegyz\u00e9ksz\u00e1m: FN 511088 a<br>UID-sz\u00e1m: ATU74366447<br>B\u00edr\u00f3s\u00e1gi illet\u00e9kess\u00e9g helye: Wels-i region\u00e1lis b\u00edr\u00f3s\u00e1g.<\/p><p>Bankadatok: Sparkasse<br>IBAN: AT842031707701169935<\/p><h3 class=\"fusion-responsive-typography-calculated\" data-fontsize=\"18\" data-lineheight=\"27px\">Felel\u0151ss\u00e9gi nyilatkozat<\/h3><p>Ez a jogi nyilatkozat az internetes kiadv\u00e1ny r\u00e9sz\u00e9nek tekintend\u0151, amelyr\u0151l az \u00d6nt megkereste. Ha a jelen nyilatkozat egyes r\u00e9szei vagy egyes kifejez\u00e9sei nem jogszer\u0171ek vagy helytelenek, a t\u00f6bbi r\u00e9sz tartalm\u00e1t vagy \u00e9rv\u00e9nyess\u00e9g\u00e9t ez a t\u00e9ny nem befoly\u00e1solja. <\/p><h3 class=\"fusion-responsive-typography-calculated\" data-fontsize=\"18\" data-lineheight=\"27px\">A weboldal tartalm\u00e1\u00e9rt val\u00f3 felel\u0151ss\u00e9g<\/h3><p>Nem v\u00e1llalunk felel\u0151ss\u00e9get a weboldalunkon tal\u00e1lhat\u00f3 inform\u00e1ci\u00f3k aktualit\u00e1s\u00e1\u00e9rt, helyess\u00e9g\u00e9\u00e9rt \u00e9s teljess\u00e9g\u00e9\u00e9rt. Alapvet\u0151en kiz\u00e1rtak azok a felel\u0151ss\u00e9gi ig\u00e9nyek, amelyek a megadott inform\u00e1ci\u00f3k haszn\u00e1lat\u00e1b\u00f3l vagy nem haszn\u00e1lat\u00e1b\u00f3l, illetve a helytelen vagy hi\u00e1nyos inform\u00e1ci\u00f3k haszn\u00e1lat\u00e1b\u00f3l ered\u0151 vagyoni vagy nem vagyoni k\u00e1rokkal kapcsolatosak, kiv\u00e9ve, ha a r\u00e9sz\u00fcnkr\u0151l sz\u00e1nd\u00e9koss\u00e1g vagy s\u00falyos gondatlans\u00e1g bizony\u00edthat\u00f3. Az aj\u00e1nlatok v\u00e1ltoztat\u00e1sra szorulnak \u00e9s nem k\u00f6telez\u0151 \u00e9rv\u00e9ny\u0171ek. Kifejezetten fenntartjuk a jogot, hogy az oldalak egyes r\u00e9szeit vagy a teljes aj\u00e1nlatot el\u0151zetes \u00e9rtes\u00edt\u00e9s n\u00e9lk\u00fcl megv\u00e1ltoztassuk, kieg\u00e9sz\u00edts\u00fck vagy t\u00f6r\u00f6lj\u00fck, illetve a k\u00f6zz\u00e9t\u00e9telt ideiglenesen vagy v\u00e9glegesen megsz\u00fcntess\u00fck.   <\/p><h3 class=\"fusion-responsive-typography-calculated\" data-fontsize=\"18\" data-lineheight=\"27px\">Felel\u0151ss\u00e9g harmadik f\u00e9l weboldalaira mutat\u00f3 linkek\u00e9rt<\/h3><p>Minden linket a legnagyobb gondoss\u00e1ggal \u00e1ll\u00edtottunk \u00f6ssze. Ugyanakkor semmilyen felel\u0151ss\u00e9get nem v\u00e1llalunk sem a helyess\u00e9g\u00e9rt, sem a tartalom\u00e9rt, sem az agressz\u00edv \u00e9s\/vagy k\u00e1ros tartalomt\u00f3l, p\u00e9ld\u00e1ul v\u00edrusokt\u00f3l, tr\u00f3jaiakt\u00f3l, f\u00e9rgekt\u0151l stb. val\u00f3 mentess\u00e9g\u00e9rt. K\u00fcl\u00f6n\u00f6sen nem v\u00e1llalunk felel\u0151ss\u00e9get a hiperlinkek \u00e1ltal hivatkozott k\u00fcls\u0151 weboldalak tartalm\u00e1\u00e9rt, amely\u00e9rt kiz\u00e1r\u00f3lag az adott szolg\u00e1ltat\u00f3 felel. A weboldalunkra mutat\u00f3 linkeket sz\u00edvesen fogadjuk, ha azok k\u00fcls\u0151 linkk\u00e9nt (k\u00fcl\u00f6n b\u00f6ng\u00e9sz\u0151ablakban) vannak kialak\u00edtva. A f\u0151 ablaknak a linket be\u00e1ll\u00edt\u00f3 keretbe val\u00f3 \u00e1thelyez\u00e9se nem megengedett. Ha egy weboldal, amelyre hivatkozunk, illeg\u00e1lis tartalmat tartalmaz, k\u00e9rj\u00fck, \u00e9rtes\u00edtsen minket, \u00e9s a linket azonnal elt\u00e1vol\u00edtjuk.    <\/p><h3 class=\"fusion-responsive-typography-calculated\" data-fontsize=\"18\" data-lineheight=\"27px\">Szerz\u0151i jog<\/h3><p>Mindig igyeksz\u00fcnk tiszteletben tartani m\u00e1sok szerz\u0151i jogait, illetve saj\u00e1t vagy licencmentes m\u0171veket haszn\u00e1lni. A weboldalon tal\u00e1lhat\u00f3 tartalmaink \u00e9s m\u0171veink szerz\u0151i jogv\u00e9delem alatt \u00e1llnak. A harmadik f\u00e9lt\u0151l sz\u00e1rmaz\u00f3 hozz\u00e1j\u00e1rul\u00e1sokat ekk\u00e9nt jel\u00f6lj\u00fck. A sokszoros\u00edt\u00e1shoz, szerkeszt\u00e9shez, terjeszt\u00e9shez \u00e9s a szerz\u0151i jogi korl\u00e1tokon k\u00edv\u00fcli b\u00e1rmilyen felhaszn\u00e1l\u00e1shoz az adott szerz\u0151 vagy alkot\u00f3 \u00edr\u00e1sbeli hozz\u00e1j\u00e1rul\u00e1sa sz\u00fcks\u00e9ges.   <\/p><\/div><div class=\"fusion-clearfix\"> <\/div><\/div><\/div><\/div><\/div><\/div><\/div><\/section><\/div><\/main><div class=\"fusion-footer\"><footer class=\"fusion-footer-widget-area fusion-widget-area\"><div class=\"fusion-row\"><div class=\"fusion-columns fusion-columns-4 fusion-widget-area\"><div class=\"fusion-column col-lg-3 col-md-3 col-sm-3\"> <\/div><\/div><\/div><\/footer><\/div>\t\t\t\t\t\t\t\t<\/div>\n\t\t\t\t<\/div>\n\t\t\t\t\t<\/div>\n\t\t\t\t<\/div>\n\t\t\t\t\t<\/div>\n\t\t\t\t<\/div>\n\t\t\t\t\t<\/div>\n\t\t\t\t<\/div>\n\t\t\t\t<\/div>\n\t\t","protected":false},"excerpt":{"rendered":"<p>IMPRESSUM W Quadrat GmbHOberau 164692 Niederthalheim E-mail: office@wquadrat-gmbh.atInternet: www.wquadrat-gmbh.at Mobil: +43 664 395 82 03 \u00dcgyvezet\u0151: Andreas Watzinger Jogi forma: GmbHC\u00e9gjegyz\u00e9ksz\u00e1m: FN 511088 aUID-sz\u00e1m: ATU74366447B\u00edr\u00f3s\u00e1gi illet\u00e9kess\u00e9g helye: Wels-i region\u00e1lis b\u00edr\u00f3s\u00e1g. Bankadatok: SparkasseIBAN: AT842031707701169935 Felel\u0151ss\u00e9gi nyilatkozat Ez a jogi nyilatkozat az internetes kiadv\u00e1ny r\u00e9sz\u00e9nek tekintend\u0151, amelyr\u0151l az \u00d6nt megkereste. Ha a jelen nyilatkozat egyes r\u00e9szei vagy [&hellip;]<\/p>\n","protected":false},"author":1,"featured_media":0,"parent":0,"menu_order":0,"comment_status":"closed","ping_status":"closed","template":"elementor_header_footer","meta":{"footnotes":""},"class_list":["post-1331","page","type-page","status-publish","hentry"],"_links":{"self":[{"href":"https:\/\/www.wquadrat-gmbh.at\/hu\/wp-json\/wp\/v2\/pages\/1331","targetHints":{"allow":["GET"]}}],"collection":[{"href":"https:\/\/www.wquadrat-gmbh.at\/hu\/wp-json\/wp\/v2\/pages"}],"about":[{"href":"https:\/\/www.wquadrat-gmbh.at\/hu\/wp-json\/wp\/v2\/types\/page"}],"author":[{"embeddable":true,"href":"https:\/\/www.wquadrat-gmbh.at\/hu\/wp-json\/wp\/v2\/users\/1"}],"replies":[{"embeddable":true,"href":"https:\/\/www.wquadrat-gmbh.at\/hu\/wp-json\/wp\/v2\/comments?post=1331"}],"version-history":[{"count":2,"href":"https:\/\/www.wquadrat-gmbh.at\/hu\/wp-json\/wp\/v2\/pages\/1331\/revisions"}],"predecessor-version":[{"id":1336,"href":"https:\/\/www.wquadrat-gmbh.at\/hu\/wp-json\/wp\/v2\/pages\/1331\/revisions\/1336"}],"wp:attachment":[{"href":"https:\/\/www.wquadrat-gmbh.at\/hu\/wp-json\/wp\/v2\/media?parent=1331"}],"curies":[{"name":"wp","href":"https:\/\/api.w.org\/{rel}","templated":true}]}}