{"id":1322,"date":"2024-11-08T10:20:25","date_gmt":"2024-11-08T09:20:25","guid":{"rendered":"https:\/\/www.wquadrat-gmbh.at\/imprint\/"},"modified":"2025-04-16T09:02:22","modified_gmt":"2025-04-16T07:02:22","slug":"imprint","status":"publish","type":"page","link":"https:\/\/www.wquadrat-gmbh.at\/cs\/imprint\/","title":{"rendered":"IMPRINT"},"content":{"rendered":"\t\t<div data-elementor-type=\"wp-page\" data-elementor-id=\"1322\" class=\"elementor elementor-1322 elementor-135\" data-elementor-post-type=\"page\">\n\t\t\t\t<div class=\"elementor-element elementor-element-53a5b5dd e-flex e-con-boxed e-con e-parent\" data-id=\"53a5b5dd\" data-element_type=\"container\" data-settings=\"{&quot;background_background&quot;:&quot;classic&quot;}\">\n\t\t\t\t\t<div class=\"e-con-inner\">\n\t\t\t\t<div class=\"elementor-element elementor-element-759995a7 elementor-widget elementor-widget-tp-heading-animation\" data-id=\"759995a7\" data-element_type=\"widget\" data-widget_type=\"tp-heading-animation.default\">\n\t\t\t\t<div class=\"elementor-widget-container\">\n\t\t\t\t\t<style>.heading-animation69d6540873194 .pt-plus-cd-headline.loading-bar .cd-words-wrapper::after{}<\/style><div class=\"pt-plus-heading-animation heading-animation head-anim-style-1  heading-animation69d6540873194\"  ><h1 class=\"pt-plus-cd-headline letters type\" ><span >IMPRESSUM <\/span><\/h1><\/div>\t\t\t\t<\/div>\n\t\t\t\t<\/div>\n\t\t\t\t\t<\/div>\n\t\t\t\t<\/div>\n\t\t<div class=\"elementor-element elementor-element-18be8aee e-flex e-con-boxed e-con e-parent\" data-id=\"18be8aee\" data-element_type=\"container\">\n\t\t\t\t\t<div class=\"e-con-inner\">\n\t\t<div class=\"elementor-element elementor-element-3ce1b226 e-flex e-con-boxed e-con e-child\" data-id=\"3ce1b226\" data-element_type=\"container\">\n\t\t\t\t\t<div class=\"e-con-inner\">\n\t\t<div class=\"elementor-element elementor-element-6a19f39c e-flex e-con-boxed e-con e-child\" data-id=\"6a19f39c\" data-element_type=\"container\">\n\t\t\t\t\t<div class=\"e-con-inner\">\n\t\t\t\t<div class=\"elementor-element elementor-element-f46703f elementor-widget elementor-widget-text-editor\" data-id=\"f46703f\" data-element_type=\"widget\" data-widget_type=\"text-editor.default\">\n\t\t\t\t<div class=\"elementor-widget-container\">\n\t\t\t\t\t\t\t\t\t<main id=\"main\" class=\"clearfix \"><div class=\"fusion-row\"><section id=\"content\"><div id=\"post-11\" class=\"post-11 page type-page status-publish hentry\"><div class=\"post-content\"><div class=\"fusion-fullwidth fullwidth-box fusion-builder-row-1 nonhundred-percent-fullwidth non-hundred-percent-height-scrolling\"><div class=\"fusion-builder-row fusion-row\"><div class=\"fusion-layout-column fusion_builder_column fusion-builder-column-0 fusion_builder_column_1_1 1_1 fusion-one-full fusion-column-first fusion-column-last\"><div class=\"fusion-column-wrapper fusion-flex-column-wrapper-legacy\"><div class=\"fusion-text fusion-text-1\"><p><strong>W Quadrat GmbH<br><\/strong>Oberau 16<br>4692 Niederthalheim<\/p><p>E-mail: <a href=\"mailto:office@wquadrat-gmbh.at\">office@wquadrat-gmbh.at<\/a><br>Internet: www.wquadrat-gmbh.at<\/p><p>Mobil: +43 664 395 82 03<\/p><p>Veden\u00ed spole\u010dnosti: Andreas Watzinger <br>Pr\u00e1vn\u00ed forma: GmbH<br>\u010c\u00edslo z\u00e1pisu v obchodn\u00edm rejst\u0159\u00edku: FN 511088 a<br>\u010c\u00edslo UID: ATU74366447<br>M\u00edsto p\u0159\u00edslu\u0161nosti: Zemsk\u00fd soud Wels<\/p><p>Bankovn\u00ed \u00fadaje: Sparkasse<br>IBAN: AT842031707701169935<\/p><h3 class=\"fusion-responsive-typography-calculated\" data-fontsize=\"18\" data-lineheight=\"27px\">Odm\u00edtnut\u00ed odpov\u011bdnosti<\/h3><p>Toto prohl\u00e1\u0161en\u00ed o vylou\u010den\u00ed odpov\u011bdnosti je t\u0159eba pova\u017eovat za sou\u010d\u00e1st internetov\u00e9 publikace, z n\u00ed\u017e jste byli odk\u00e1z\u00e1ni. Pokud \u010d\u00e1sti nebo jednotliv\u00e9 podm\u00ednky tohoto prohl\u00e1\u0161en\u00ed nejsou v souladu se z\u00e1konem nebo spr\u00e1vn\u00e9, obsah nebo platnost ostatn\u00edch \u010d\u00e1st\u00ed z\u016fst\u00e1v\u00e1 touto skute\u010dnost\u00ed nedot\u010dena. <\/p><h3 class=\"fusion-responsive-typography-calculated\" data-fontsize=\"18\" data-lineheight=\"27px\">Odpov\u011bdnost za obsah t\u011bchto webov\u00fdch str\u00e1nek<\/h3><p>Nep\u0159eb\u00edr\u00e1me \u017e\u00e1dnou odpov\u011bdnost za aktu\u00e1lnost, spr\u00e1vnost a \u00faplnost informac\u00ed uveden\u00fdch na na\u0161ich webov\u00fdch str\u00e1nk\u00e1ch. N\u00e1roky z odpov\u011bdnosti za hmotnou nebo nehmotnou \u0161kodu zp\u016fsobenou pou\u017eit\u00edm nebo nepou\u017eit\u00edm poskytnut\u00fdch informac\u00ed nebo pou\u017eit\u00edm nespr\u00e1vn\u00fdch nebo ne\u00fapln\u00fdch informac\u00ed jsou z\u00e1sadn\u011b vylou\u010deny, pokud nen\u00ed prok\u00e1z\u00e1n \u00famysl nebo hrub\u00e1 nedbalost z na\u0161\u00ed strany. V\u0161echny nab\u00eddky se mohou zm\u011bnit a nejsou z\u00e1vazn\u00e9. V\u00fdslovn\u011b si vyhrazujeme pr\u00e1vo m\u011bnit, dopl\u0148ovat nebo mazat \u010d\u00e1sti str\u00e1nek nebo celou nab\u00eddku bez p\u0159edchoz\u00edho upozorn\u011bn\u00ed nebo do\u010dasn\u011b \u010di trvale ukon\u010dit jej\u00ed zve\u0159ej\u0148ov\u00e1n\u00ed.   <\/p><h3 class=\"fusion-responsive-typography-calculated\" data-fontsize=\"18\" data-lineheight=\"27px\">Odpov\u011bdnost za odkazy na webov\u00e9 str\u00e1nky t\u0159et\u00edch stran<\/h3><p>V\u0161echny odkazy byly sestaveny s maxim\u00e1ln\u00ed p\u00e9\u010d\u00ed. Nep\u0159eb\u00edr\u00e1me v\u0161ak \u017e\u00e1dnou odpov\u011bdnost ani za jejich spr\u00e1vnost, ani za jejich obsah nebo za to, \u017ee neobsahuj\u00ed agresivn\u00ed a\/nebo \u0161kodliv\u00fd obsah, jako jsou viry, trojsk\u00e9 kon\u011b, \u010dervi atd. Zejm\u00e9na nep\u0159eb\u00edr\u00e1me \u017e\u00e1dnou odpov\u011bdnost za obsah extern\u00edch webov\u00fdch str\u00e1nek, na kter\u00e9 odkazuj\u00ed hypertextov\u00e9 odkazy, za kter\u00e9 odpov\u00edd\u00e1 v\u00fdhradn\u011b p\u0159\u00edslu\u0161n\u00fd poskytovatel. Odkazy na na\u0161e webov\u00e9 str\u00e1nky jsou v\u00edt\u00e1ny, pokud jsou koncipov\u00e1ny jako extern\u00ed odkazy (samostatn\u00e9 okno prohl\u00ed\u017ee\u010de). P\u0159enesen\u00ed hlavn\u00edho okna do r\u00e1mu nastavova\u010de odkaz\u016f nen\u00ed povoleno. Pokud webov\u00e1 str\u00e1nka, na kterou odkazujeme, obsahuje nez\u00e1konn\u00fd obsah, informujte n\u00e1s o tom a odkaz bude neprodlen\u011b odstran\u011bn.    <\/p><h3 class=\"fusion-responsive-typography-calculated\" data-fontsize=\"18\" data-lineheight=\"27px\">Autorsk\u00e1 pr\u00e1va<\/h3><p>V\u017edy se sna\u017e\u00edme respektovat autorsk\u00e1 pr\u00e1va jin\u00fdch osob nebo pou\u017e\u00edvat vlastn\u00ed \u010di nelicencovan\u00e1 d\u00edla. N\u00e1\u0161 obsah a d\u00edla na t\u011bchto webov\u00fdch str\u00e1nk\u00e1ch podl\u00e9haj\u00ed autorsk\u00fdm pr\u00e1v\u016fm. P\u0159\u00edsp\u011bvky t\u0159et\u00edch stran jsou takto ozna\u010deny. K reprodukci, \u00faprav\u00e1m, \u0161\u00ed\u0159en\u00ed a jak\u00e9mukoli vyu\u017eit\u00ed nad r\u00e1mec autorsk\u00e9ho z\u00e1kona je nutn\u00fd p\u00edsemn\u00fd souhlas p\u0159\u00edslu\u0161n\u00e9ho autora nebo tv\u016frce.   <\/p><\/div><div class=\"fusion-clearfix\"> <\/div><\/div><\/div><\/div><\/div><\/div><\/div><\/section><\/div><\/main><div class=\"fusion-footer\"><footer class=\"fusion-footer-widget-area fusion-widget-area\"><div class=\"fusion-row\"><div class=\"fusion-columns fusion-columns-4 fusion-widget-area\"><div class=\"fusion-column col-lg-3 col-md-3 col-sm-3\"> <\/div><\/div><\/div><\/footer><\/div>\t\t\t\t\t\t\t\t<\/div>\n\t\t\t\t<\/div>\n\t\t\t\t\t<\/div>\n\t\t\t\t<\/div>\n\t\t\t\t\t<\/div>\n\t\t\t\t<\/div>\n\t\t\t\t\t<\/div>\n\t\t\t\t<\/div>\n\t\t\t\t<\/div>\n\t\t","protected":false},"excerpt":{"rendered":"<p>IMPRESSUM W Quadrat GmbHOberau 164692 Niederthalheim E-mail: office@wquadrat-gmbh.atInternet: www.wquadrat-gmbh.at Mobil: +43 664 395 82 03 Veden\u00ed spole\u010dnosti: Andreas Watzinger Pr\u00e1vn\u00ed forma: GmbH\u010c\u00edslo z\u00e1pisu v obchodn\u00edm rejst\u0159\u00edku: FN 511088 a\u010c\u00edslo UID: ATU74366447M\u00edsto p\u0159\u00edslu\u0161nosti: Zemsk\u00fd soud Wels Bankovn\u00ed \u00fadaje: SparkasseIBAN: AT842031707701169935 Odm\u00edtnut\u00ed odpov\u011bdnosti Toto prohl\u00e1\u0161en\u00ed o vylou\u010den\u00ed odpov\u011bdnosti je t\u0159eba pova\u017eovat za sou\u010d\u00e1st internetov\u00e9 publikace, z n\u00ed\u017e [&hellip;]<\/p>\n","protected":false},"author":1,"featured_media":0,"parent":0,"menu_order":0,"comment_status":"closed","ping_status":"closed","template":"elementor_header_footer","meta":{"footnotes":""},"class_list":["post-1322","page","type-page","status-publish","hentry"],"_links":{"self":[{"href":"https:\/\/www.wquadrat-gmbh.at\/cs\/wp-json\/wp\/v2\/pages\/1322","targetHints":{"allow":["GET"]}}],"collection":[{"href":"https:\/\/www.wquadrat-gmbh.at\/cs\/wp-json\/wp\/v2\/pages"}],"about":[{"href":"https:\/\/www.wquadrat-gmbh.at\/cs\/wp-json\/wp\/v2\/types\/page"}],"author":[{"embeddable":true,"href":"https:\/\/www.wquadrat-gmbh.at\/cs\/wp-json\/wp\/v2\/users\/1"}],"replies":[{"embeddable":true,"href":"https:\/\/www.wquadrat-gmbh.at\/cs\/wp-json\/wp\/v2\/comments?post=1322"}],"version-history":[{"count":1,"href":"https:\/\/www.wquadrat-gmbh.at\/cs\/wp-json\/wp\/v2\/pages\/1322\/revisions"}],"predecessor-version":[{"id":1325,"href":"https:\/\/www.wquadrat-gmbh.at\/cs\/wp-json\/wp\/v2\/pages\/1322\/revisions\/1325"}],"wp:attachment":[{"href":"https:\/\/www.wquadrat-gmbh.at\/cs\/wp-json\/wp\/v2\/media?parent=1322"}],"curies":[{"name":"wp","href":"https:\/\/api.w.org\/{rel}","templated":true}]}}